{"id":5739,"date":"2023-01-23T14:49:59","date_gmt":"2023-01-23T13:49:59","guid":{"rendered":"https:\/\/malgorzatawojtyczka.pl\/?page_id=5739"},"modified":"2025-11-17T18:38:55","modified_gmt":"2025-11-17T17:38:55","slug":"sesja-lifestyle","status":"publish","type":"page","link":"https:\/\/malgorzatawojtyczka.pl\/index.php\/sesja-lifestyle\/","title":{"rendered":"Lifestyle &#038; portret"},"content":{"rendered":"<div  class=\"one withsmallpadding ppb_header withbg \" style=\"background-image:url(https:\/\/malgorzatawojtyczka.pl\/wp-content\/uploads\/2022\/12\/sesja-rodzinna.jpg);background-position: center center;text-align:center;padding:30px 0 30px 0;color:#ffffff;\" >\n<div class=\"standard_wrapper\">\n<div class=\"page_content_wrapper\">\n<div class=\"inner\">\n<div style=\"width:100%;margin:auto;\">\n<h2 class=\"ppb_title\" style=\"color:#ffffff;\">Sesja lifestyle &amp; portret<\/h2>\n<hr class=\"title_break center\" style=\"border-color:#ffffff;\"\/>\n<div class=\"ppb_header_content\">\n<p>.<\/p>\n<p>.<\/p>\n<p>.<\/p>\n<p>.<\/p>\n<p>.<\/p>\n<\/div>\n<\/div>\n<\/div>\n<\/div>\n<\/div>\n<\/div>\n<div  class=\"one withsmallpadding ppb_text\" style=\"padding:60px;\" >\n<p style=\"text-align: center;\"><em>Lifestyle &#038; Portret<\/em><\/p>\n<p style=\"text-align: center;\">_<\/p>\n<p>\u00a0<\/p>\n<\/div>\n<div class=\"divider one\">&nbsp;<\/div>\n<div  class=\"one\">\n<div class=\"standard_wrapper\">\n<div id=\"17634011351538711637\" data-gallery-id=\"5850\" data-items=\"13\" data-columns=\"3\" data-gutter=\"30\" data-type=\"masonry\" data-layout=\"contain\" class=\"portfolio_filter_wrapper masonry infinite_grid portfolio-content content gallery three_cols contain\" data-columns=\"3\">\n<div class=\"element masonry  classic3_cols kenburns\">\n<div class=\"one_third gallery3 static filterable gallery_type animated1\"><a data-rel=\"photography_gallery_5850\" data-title=\"sesja ci\u0105\u017cowa\" data-desc=\"\" data-thumb=\"https:\/\/malgorzatawojtyczka.pl\/wp-content\/uploads\/2022\/12\/sesja-ciazowa-krakow-200x300.jpg\" href=\"https:\/\/malgorzatawojtyczka.pl\/wp-content\/uploads\/2022\/12\/sesja-ciazowa-krakow.jpg\"  class=\"fancy-gallery\"><img decoding=\"async\" src=\"https:\/\/malgorzatawojtyczka.pl\/wp-content\/uploads\/2022\/12\/sesja-ciazowa-krakow-705x1058.jpg\" alt=\"sesja ci\u0105\u017cowa, portret kobiecy\" class=\"preview\"\/><\/a><\/div>\n<\/div>\n<div class=\"element masonry  classic3_cols kenburns\">\n<div class=\"one_third gallery3 static filterable gallery_type animated2\"><a data-rel=\"photography_gallery_5850\" data-title=\"\" data-desc=\"\" data-thumb=\"https:\/\/malgorzatawojtyczka.pl\/wp-content\/uploads\/2022\/12\/sesja-ciazowa-naturalna-kobieca-200x300.jpg\" href=\"https:\/\/malgorzatawojtyczka.pl\/wp-content\/uploads\/2022\/12\/sesja-ciazowa-naturalna-kobieca.jpg\"  class=\"fancy-gallery\"><img decoding=\"async\" src=\"https:\/\/malgorzatawojtyczka.pl\/wp-content\/uploads\/2022\/12\/sesja-ciazowa-naturalna-kobieca-705x1058.jpg\" alt=\"sesja ci\u0105\u017cowa w domu, naturalna sesja zdj\u0119ciowa\" class=\"preview\"\/><\/a><\/div>\n<\/div>\n<div class=\"element masonry  classic3_cols kenburns\">\n<div class=\"one_third gallery3 static filterable gallery_type animated3\"><a data-rel=\"photography_gallery_5850\" data-title=\"\" data-desc=\"\" data-thumb=\"https:\/\/malgorzatawojtyczka.pl\/wp-content\/uploads\/2022\/12\/DSC_1824ab-200x300.jpg\" href=\"https:\/\/malgorzatawojtyczka.pl\/wp-content\/uploads\/2022\/12\/DSC_1824ab.jpg\"  class=\"fancy-gallery\"><img decoding=\"async\" src=\"https:\/\/malgorzatawojtyczka.pl\/wp-content\/uploads\/2022\/12\/DSC_1824ab-705x1057.jpg\" alt=\"\" class=\"preview\"\/><\/a><\/div>\n<\/div>\n<div class=\"element masonry  classic3_cols kenburns\">\n<div class=\"one_third gallery3 static filterable gallery_type animated4\"><a data-rel=\"photography_gallery_5850\" data-title=\"\" data-desc=\"\" data-thumb=\"https:\/\/malgorzatawojtyczka.pl\/wp-content\/uploads\/2022\/12\/sesja-ciazowa-naturalna-krakow-300x200.jpg\" href=\"https:\/\/malgorzatawojtyczka.pl\/wp-content\/uploads\/2022\/12\/sesja-ciazowa-naturalna-krakow.jpg\"  class=\"fancy-gallery\"><img decoding=\"async\" src=\"https:\/\/malgorzatawojtyczka.pl\/wp-content\/uploads\/2022\/12\/sesja-ciazowa-naturalna-krakow-705x470.jpg\" alt=\"sesja ci\u0105\u017cowa domowa, kobieca fotografia\" class=\"preview\"\/><\/a><\/div>\n<\/div>\n<div class=\"element masonry  classic3_cols kenburns\">\n<div class=\"one_third gallery3 static filterable gallery_type animated5\"><a data-rel=\"photography_gallery_5850\" data-title=\"\" data-desc=\"\" data-thumb=\"https:\/\/malgorzatawojtyczka.pl\/wp-content\/uploads\/2022\/12\/sesja-ciazowa-z-kawa-300x200.jpg\" href=\"https:\/\/malgorzatawojtyczka.pl\/wp-content\/uploads\/2022\/12\/sesja-ciazowa-z-kawa.jpg\"  class=\"fancy-gallery\"><img decoding=\"async\" src=\"https:\/\/malgorzatawojtyczka.pl\/wp-content\/uploads\/2022\/12\/sesja-ciazowa-z-kawa-705x470.jpg\" alt=\"sesja ci\u0105\u017cowa z kaw\u0105, naturalna fotografia\" class=\"preview\"\/><\/a><\/div>\n<\/div>\n<div class=\"element masonry  classic3_cols kenburns\">\n<div class=\"one_third gallery3 static filterable gallery_type animated6\"><a data-rel=\"photography_gallery_5850\" data-title=\"\" data-desc=\"\" data-thumb=\"https:\/\/malgorzatawojtyczka.pl\/wp-content\/uploads\/2022\/12\/sesja-ciazowa-naturalna-300x200.jpg\" href=\"https:\/\/malgorzatawojtyczka.pl\/wp-content\/uploads\/2022\/12\/sesja-ciazowa-naturalna.jpg\"  class=\"fancy-gallery\"><img decoding=\"async\" src=\"https:\/\/malgorzatawojtyczka.pl\/wp-content\/uploads\/2022\/12\/sesja-ciazowa-naturalna-705x470.jpg\" alt=\"sesja ci\u0105\u017cowa, portret kobiecy w domu\" class=\"preview\"\/><\/a><\/div>\n<\/div>\n<div class=\"element masonry  classic3_cols kenburns\">\n<div class=\"one_third gallery3 static filterable gallery_type animated7\"><a data-rel=\"photography_gallery_5850\" data-title=\"\" data-desc=\"\" data-thumb=\"https:\/\/malgorzatawojtyczka.pl\/wp-content\/uploads\/2022\/12\/sesja-ciazowa-portret-200x300.jpg\" href=\"https:\/\/malgorzatawojtyczka.pl\/wp-content\/uploads\/2022\/12\/sesja-ciazowa-portret.jpg\"  class=\"fancy-gallery\"><img decoding=\"async\" src=\"https:\/\/malgorzatawojtyczka.pl\/wp-content\/uploads\/2022\/12\/sesja-ciazowa-portret-705x1058.jpg\" alt=\"\" class=\"preview\"\/><\/a><\/div>\n<\/div>\n<div class=\"element masonry  classic3_cols kenburns\">\n<div class=\"one_third gallery3 static filterable gallery_type animated8\"><a data-rel=\"photography_gallery_5850\" data-title=\"\" data-desc=\"\" data-thumb=\"https:\/\/malgorzatawojtyczka.pl\/wp-content\/uploads\/2022\/12\/sesja-ciazowa-naturalnie-200x300.jpg\" href=\"https:\/\/malgorzatawojtyczka.pl\/wp-content\/uploads\/2022\/12\/sesja-ciazowa-naturalnie.jpg\"  class=\"fancy-gallery\"><img decoding=\"async\" src=\"https:\/\/malgorzatawojtyczka.pl\/wp-content\/uploads\/2022\/12\/sesja-ciazowa-naturalnie-705x1058.jpg\" alt=\"sesja ci\u0105\u017cowa lifestylowa w Krakowie\" class=\"preview\"\/><\/a><\/div>\n<\/div>\n<div class=\"element masonry  classic3_cols kenburns\">\n<div class=\"one_third gallery3 static filterable gallery_type animated9\"><a data-rel=\"photography_gallery_5850\" data-title=\"\" data-desc=\"\" data-thumb=\"https:\/\/malgorzatawojtyczka.pl\/wp-content\/uploads\/2022\/12\/DSC_1831a-200x300.jpg\" href=\"https:\/\/malgorzatawojtyczka.pl\/wp-content\/uploads\/2022\/12\/DSC_1831a.jpg\"  class=\"fancy-gallery\"><img decoding=\"async\" src=\"https:\/\/malgorzatawojtyczka.pl\/wp-content\/uploads\/2022\/12\/DSC_1831a-705x1057.jpg\" alt=\"\" class=\"preview\"\/><\/a><\/div>\n<\/div>\n<div class=\"element masonry  classic3_cols kenburns\">\n<div class=\"one_third gallery3 static filterable gallery_type animated10\"><a data-rel=\"photography_gallery_5850\" data-title=\"\" data-desc=\"\" data-thumb=\"https:\/\/malgorzatawojtyczka.pl\/wp-content\/uploads\/2022\/12\/DSC_1863a-300x200.jpg\" href=\"https:\/\/malgorzatawojtyczka.pl\/wp-content\/uploads\/2022\/12\/DSC_1863a.jpg\"  class=\"fancy-gallery\"><img decoding=\"async\" src=\"https:\/\/malgorzatawojtyczka.pl\/wp-content\/uploads\/2022\/12\/DSC_1863a-705x470.jpg\" alt=\"\" class=\"preview\"\/><\/a><\/div>\n<\/div>\n<div class=\"element masonry  classic3_cols kenburns\">\n<div class=\"one_third gallery3 static filterable gallery_type animated11\"><a data-rel=\"photography_gallery_5850\" data-title=\"\" data-desc=\"\" data-thumb=\"https:\/\/malgorzatawojtyczka.pl\/wp-content\/uploads\/2022\/12\/sesja-ciazowa-naturalna-dom-300x200.jpg\" href=\"https:\/\/malgorzatawojtyczka.pl\/wp-content\/uploads\/2022\/12\/sesja-ciazowa-naturalna-dom.jpg\"  class=\"fancy-gallery\"><img decoding=\"async\" src=\"https:\/\/malgorzatawojtyczka.pl\/wp-content\/uploads\/2022\/12\/sesja-ciazowa-naturalna-dom-705x470.jpg\" alt=\"sesja brzuszkowa naturalna w domu\" class=\"preview\"\/><\/a><\/div>\n<\/div>\n<div class=\"element masonry  classic3_cols kenburns\">\n<div class=\"one_third gallery3 static filterable gallery_type animated12\"><a data-rel=\"photography_gallery_5850\" data-title=\"\" data-desc=\"\" data-thumb=\"https:\/\/malgorzatawojtyczka.pl\/wp-content\/uploads\/2022\/12\/DSC_1683a-300x200.jpg\" href=\"https:\/\/malgorzatawojtyczka.pl\/wp-content\/uploads\/2022\/12\/DSC_1683a.jpg\"  class=\"fancy-gallery\"><img decoding=\"async\" src=\"https:\/\/malgorzatawojtyczka.pl\/wp-content\/uploads\/2022\/12\/DSC_1683a-705x470.jpg\" alt=\"\" class=\"preview\"\/><\/a><\/div>\n<\/div>\n<div class=\"element masonry  classic3_cols kenburns\">\n<div class=\"one_third gallery3 static filterable gallery_type animated13\"><a data-rel=\"photography_gallery_5850\" data-title=\"\" data-desc=\"\" data-thumb=\"https:\/\/malgorzatawojtyczka.pl\/wp-content\/uploads\/2022\/12\/DSC_7541a_male-200x300.jpg\" href=\"https:\/\/malgorzatawojtyczka.pl\/wp-content\/uploads\/2022\/12\/DSC_7541a_male.jpg\"  class=\"fancy-gallery\"><img decoding=\"async\" src=\"https:\/\/malgorzatawojtyczka.pl\/wp-content\/uploads\/2022\/12\/DSC_7541a_male-705x1058.jpg\" alt=\"\" class=\"preview\"\/><\/a><\/div>\n<\/div>\n<\/div>\n<div class=\"infinite_loading\" id=\"17634011351538711637_loading\"><i class=\"fa fa-circle-o-notch fa-spin\"><\/i><\/div>\n<p><input type=\"hidden\" id=\"17634011351538711637_offset\" name=\"17634011351538711637_offset\" value=\"13\" \/><input type=\"hidden\" id=\"17634011351538711637_total\" name=\"17634011351538711637_total\" value=\"42\" \/><input type=\"hidden\" id=\"17634011351538711637_status\" name=\"17634011351538711637_status\" value=\"0\" \/><\/div>\n<\/div>\n","protected":false},"excerpt":{"rendered":"","protected":false},"author":1,"featured_media":5874,"parent":0,"menu_order":0,"comment_status":"closed","ping_status":"closed","template":"","meta":{"_monsterinsights_skip_tracking":false,"_monsterinsights_sitenote_active":false,"_monsterinsights_sitenote_note":"","_monsterinsights_sitenote_category":0,"footnotes":""},"aioseo_notices":[],"_links":{"self":[{"href":"https:\/\/malgorzatawojtyczka.pl\/index.php\/wp-json\/wp\/v2\/pages\/5739"}],"collection":[{"href":"https:\/\/malgorzatawojtyczka.pl\/index.php\/wp-json\/wp\/v2\/pages"}],"about":[{"href":"https:\/\/malgorzatawojtyczka.pl\/index.php\/wp-json\/wp\/v2\/types\/page"}],"author":[{"embeddable":true,"href":"https:\/\/malgorzatawojtyczka.pl\/index.php\/wp-json\/wp\/v2\/users\/1"}],"replies":[{"embeddable":true,"href":"https:\/\/malgorzatawojtyczka.pl\/index.php\/wp-json\/wp\/v2\/comments?post=5739"}],"version-history":[{"count":18,"href":"https:\/\/malgorzatawojtyczka.pl\/index.php\/wp-json\/wp\/v2\/pages\/5739\/revisions"}],"predecessor-version":[{"id":7591,"href":"https:\/\/malgorzatawojtyczka.pl\/index.php\/wp-json\/wp\/v2\/pages\/5739\/revisions\/7591"}],"wp:featuredmedia":[{"embeddable":true,"href":"https:\/\/malgorzatawojtyczka.pl\/index.php\/wp-json\/wp\/v2\/media\/5874"}],"wp:attachment":[{"href":"https:\/\/malgorzatawojtyczka.pl\/index.php\/wp-json\/wp\/v2\/media?parent=5739"}],"curies":[{"name":"wp","href":"https:\/\/api.w.org\/{rel}","templated":true}]}}