{"id":6335,"date":"2023-01-26T17:48:46","date_gmt":"2023-01-26T16:48:46","guid":{"rendered":"https:\/\/malgorzatawojtyczka.pl\/?page_id=6335"},"modified":"2023-01-26T18:00:58","modified_gmt":"2023-01-26T17:00:58","slug":"portfolio-2","status":"publish","type":"page","link":"https:\/\/malgorzatawojtyczka.pl\/index.php\/portfolio-2\/","title":{"rendered":"Portfolio"},"content":{"rendered":"<div class=\"divider one\">&nbsp;<\/div>\n<div class=\"divider one\">&nbsp;<\/div>\n<div  class=\"ppb_portfolio one nopadding \" >\n<div class=\"page_content_wrapper \">\n<div class=\"standard_wrapper\">\n<div id=\"1674752458394195620\" class=\"portfolio_filter_wrapper masonry gallery infinite_portfolio portfolio-content section content clearfix three_cols contain\" data-cat=\"wizerunek\" data-columns=\"3\" data-gutter=\"30\" data-filter=\"0\" data-next-action=\"photography_portfolio_classic\" data-type=\"grid\" data-layout=\"contain\" data-items=\"9\" data-items-ini=\"0\" data-order=\"ASC\" data-order-by=\"menu_order\">\n<div class=\"element grid masonry classic3_cols kenburns\">\n<div class=\"one_third gallery3 classic gallery_type filterable static animated1 hover_display\"><a href=\"https:\/\/malgorzatawojtyczka.pl\/index.php\/portfolios\/sesja-lifestyle\/\"  class=\"\"><img decoding=\"async\" src=\"https:\/\/malgorzatawojtyczka.pl\/wp-content\/uploads\/2022\/12\/sesja-ciazowa-naturalna-krakow-705x529.jpg\" alt=\"Sesja lifestyle\" class=\"preview\"\/><\/p>\n<div class=\"portfolio_classic_icon_wrapper\">\n<div class=\"portfolio_classic_icon_content\">\n\t\t\t\t\t\t\t\t\t<i class=\"fa fa-mail-forward\"><\/i>\n\t\t\t\t\t\t\t\t<\/div>\n<\/p><\/div>\n<p><\/a><\/p>\n<div id=\"portfolio_desc_5757\" class=\"portfolio_desc portfolio3 contain filterable\">\n<h5>Sesja lifestyle<\/h5>\n<div class=\"post_detail\">Ci\u0105\u017cowa | Rodzinna | Zwierz\u0119ta <\/div>\n<\/div>\n<\/div>\n<\/div>\n<div class=\"element grid masonry classic3_cols kenburns\">\n<div class=\"one_third gallery3 classic gallery_type filterable static animated2 hover_display\"><a href=\"https:\/\/malgorzatawojtyczka.pl\/index.php\/portfolios\/sesja-wizerunkowa\/\"  class=\"\"><img decoding=\"async\" src=\"https:\/\/malgorzatawojtyczka.pl\/wp-content\/uploads\/2023\/01\/DSC_2794_male-705x529.jpg\" alt=\"Sesja wizerunkowa\" class=\"preview\"\/><\/p>\n<div class=\"portfolio_classic_icon_wrapper\">\n<div class=\"portfolio_classic_icon_content\">\n\t\t\t\t\t\t\t\t\t<i class=\"fa fa-mail-forward\"><\/i>\n\t\t\t\t\t\t\t\t<\/div>\n<\/p><\/div>\n<p><\/a><\/p>\n<div id=\"portfolio_desc_5770\" class=\"portfolio_desc portfolio3 contain filterable\">\n<h5>Sesja wizerunkowa<\/h5>\n<div class=\"post_detail\">Livestyle | Kreatywna | Reporta\u017c<\/div>\n<\/div>\n<\/div>\n<\/div>\n<\/div>\n<div class=\"infinite_loading\" id=\"1674752458394195620_loading\"><i class=\"fa fa-circle-o-notch fa-spin\"><\/i><\/div>\n<p><input type=\"hidden\" id=\"1674752458394195620_offset\" name=\"1674752458394195620_offset\" value=\"0\" \/><input type=\"hidden\" id=\"1674752458394195620_total\" name=\"1674752458394195620_total\" value=\"9\" \/><input type=\"hidden\" id=\"1674752458394195620_status\" name=\"1674752458394195620_status\" value=\"0\" \/><\/div>\n<\/div>\n<\/div>\n<div  class=\"ppb_portfolio one nopadding \" >\n<div class=\"page_content_wrapper \">\n<div class=\"standard_wrapper\">\n<div id=\"1674752458361659840\" class=\"portfolio_filter_wrapper masonry gallery infinite_portfolio portfolio-content section content clearfix three_cols contain\" data-cat=\"portret\" data-columns=\"3\" data-gutter=\"30\" data-filter=\"0\" data-next-action=\"photography_portfolio_classic\" data-type=\"grid\" data-layout=\"contain\" data-items=\"9\" data-items-ini=\"0\" data-order=\"ASC\" data-order-by=\"menu_order\">\n<div class=\"element grid masonry classic3_cols kenburns\">\n<div class=\"one_third gallery3 classic gallery_type filterable static animated1 hover_display\"><a href=\"https:\/\/malgorzatawojtyczka.pl\/index.php\/portfolios\/sesja-kreatywna\/\"  class=\"\"><img decoding=\"async\" src=\"https:\/\/malgorzatawojtyczka.pl\/wp-content\/uploads\/2022\/12\/fotografia-kreatywna-plener-705x529.jpg\" alt=\"Sesja kreatywna\" class=\"preview\"\/><\/p>\n<div class=\"portfolio_classic_icon_wrapper\">\n<div class=\"portfolio_classic_icon_content\">\n\t\t\t\t\t\t\t\t\t<i class=\"fa fa-mail-forward\"><\/i>\n\t\t\t\t\t\t\t\t<\/div>\n<\/p><\/div>\n<p><\/a><\/p>\n<div id=\"portfolio_desc_1555\" class=\"portfolio_desc portfolio3 contain filterable\">\n<h5>Sesja kreatywna<\/h5>\n<div class=\"post_detail\">Plener | Fine Art | Kompozyt<\/div>\n<\/div>\n<\/div>\n<\/div>\n<div class=\"element grid masonry classic3_cols kenburns\">\n<div class=\"one_third gallery3 classic gallery_type filterable static animated2 hover_display\"><a href=\"https:\/\/malgorzatawojtyczka.pl\/index.php\/portfolios\/portret\/\"  class=\"\"><img decoding=\"async\" src=\"https:\/\/malgorzatawojtyczka.pl\/wp-content\/uploads\/2022\/12\/kreatywna-sesja-zdjeciowa-kobieca-705x529.jpg\" alt=\"Portret\" class=\"preview\"\/><\/p>\n<div class=\"portfolio_classic_icon_wrapper\">\n<div class=\"portfolio_classic_icon_content\">\n\t\t\t\t\t\t\t\t\t<i class=\"fa fa-mail-forward\"><\/i>\n\t\t\t\t\t\t\t\t<\/div>\n<\/p><\/div>\n<p><\/a><\/p>\n<div id=\"portfolio_desc_6232\" class=\"portfolio_desc portfolio3 contain filterable\">\n<h5>Portret<\/h5>\n<div class=\"post_detail\">Kobieco\u015b\u0107 | Zwierz\u0119ta | Portret naturalny<\/div>\n<\/div>\n<\/div>\n<\/div>\n<\/div>\n<div class=\"infinite_loading\" id=\"1674752458361659840_loading\"><i class=\"fa fa-circle-o-notch fa-spin\"><\/i><\/div>\n<p><input type=\"hidden\" id=\"1674752458361659840_offset\" name=\"1674752458361659840_offset\" value=\"0\" \/><input type=\"hidden\" id=\"1674752458361659840_total\" name=\"1674752458361659840_total\" value=\"9\" \/><input type=\"hidden\" id=\"1674752458361659840_status\" name=\"1674752458361659840_status\" value=\"0\" \/><\/div>\n<\/div>\n<\/div>\n","protected":false},"excerpt":{"rendered":"","protected":false},"author":1,"featured_media":0,"parent":0,"menu_order":0,"comment_status":"closed","ping_status":"closed","template":"","meta":{"_monsterinsights_skip_tracking":false,"_monsterinsights_sitenote_active":false,"_monsterinsights_sitenote_note":"","_monsterinsights_sitenote_category":0,"footnotes":""},"aioseo_notices":[],"_links":{"self":[{"href":"https:\/\/malgorzatawojtyczka.pl\/index.php\/wp-json\/wp\/v2\/pages\/6335"}],"collection":[{"href":"https:\/\/malgorzatawojtyczka.pl\/index.php\/wp-json\/wp\/v2\/pages"}],"about":[{"href":"https:\/\/malgorzatawojtyczka.pl\/index.php\/wp-json\/wp\/v2\/types\/page"}],"author":[{"embeddable":true,"href":"https:\/\/malgorzatawojtyczka.pl\/index.php\/wp-json\/wp\/v2\/users\/1"}],"replies":[{"embeddable":true,"href":"https:\/\/malgorzatawojtyczka.pl\/index.php\/wp-json\/wp\/v2\/comments?post=6335"}],"version-history":[{"count":5,"href":"https:\/\/malgorzatawojtyczka.pl\/index.php\/wp-json\/wp\/v2\/pages\/6335\/revisions"}],"predecessor-version":[{"id":6342,"href":"https:\/\/malgorzatawojtyczka.pl\/index.php\/wp-json\/wp\/v2\/pages\/6335\/revisions\/6342"}],"wp:attachment":[{"href":"https:\/\/malgorzatawojtyczka.pl\/index.php\/wp-json\/wp\/v2\/media?parent=6335"}],"curies":[{"name":"wp","href":"https:\/\/api.w.org\/{rel}","templated":true}]}}