{"id":6440,"date":"2023-02-13T10:28:55","date_gmt":"2023-02-13T09:28:55","guid":{"rendered":"https:\/\/malgorzatawojtyczka.pl\/?page_id=6440"},"modified":"2023-02-13T10:28:55","modified_gmt":"2023-02-13T09:28:55","slug":"polityka-prywatnosci","status":"publish","type":"page","link":"https:\/\/malgorzatawojtyczka.pl\/index.php\/polityka-prywatnosci\/","title":{"rendered":"Polityka prywatno\u015bci"},"content":{"rendered":"<div  class=\"one withsmallpadding ppb_text\" style=\"padding:30px 0 30px 0;\" >\n<div class=\"standard_wrapper\">\n<div class=\"page_content_wrapper\">\n<div class=\"inner\">\n<div style=\"margin:auto;width:80%\">\n<p><strong>Polityka prywatno\u015bci i plik\u00f3w cookies<\/strong><\/p>\n<p>Niniejsza polityka prywatno\u015bci i plik\u00f3w cookies opisuje zasady post\u0119powania z danymi osobowymi oraz wykorzystywania plik\u00f3w cookies i innych technologii w ramach strony internetowej https:\/\/malgorzatawojtyczka.pl<\/p>\n<p>Administratorem strony jest Ma\u0142gorzata Wojtyczka, ul. Ma\u0142y P\u0142asz\u00f3w 14, Krak\u00f3w.<br \/>\nKontakt z administratorem mo\u017cliwy jest pod adresem e-mail: swiatlosiejki@gmail.com<\/p>\n<p>U\u017cytkownik &#8211; ka\u017cdy podmiot, kt\u00f3ry korzysta ze strony<\/p>\n<p>1. Dane osobowe<\/p>\n<p>Korzystaj\u0105c ze strony https:\/\/malgorzatawojtyczka.pl mo\u017cesz przekazywa\u0107 swoje dane osobowe Administratorowi strony za pomoc\u0105 formularzy dost\u0119pnych na Stronie, takich jak\u00a0 formularz kontaktu, formularz zapisu na newsletter, komentarze. Podanie danych osobowych zawsze jest dobrowolne.<\/p>\n<p>Dane osobowe, kt\u00f3re mi przekazujesz w ramach formularzy przetwarzane s\u0105 wy\u0142\u0105cznie w celu wysy\u0142ki newslettera i kontaktu zwrotnego.<br \/>\nAdministrator gwarantuje poufno\u015b\u0107 wszelkich przekazanych mu danych osobowych.<br \/>\nAdministrator nie udost\u0119pnia przekazanych mu danych \u017cadnym podmiotom trzecim.<br \/>\nDane osobowe s\u0105 przetwarzane z nale\u017cyt\u0105 staranno\u015bci\u0105 i odpowiednio chronione przed dost\u0119pem do nich przez osoby do tego nieupowa\u017cnione.<br \/>\nW zwi\u0105zku z przetwarzaniem przeze mnie Twoich danych osobowych, przys\u0142uguj\u0105 Ci nast\u0119puj\u0105ce uprawnienia:<\/p>\n<p>prawo do \u017c\u0105dania dost\u0119pu do swoich danych osobowych, ich sprostowania, usuni\u0119cia lub ograniczenia przetwarzania,<br \/>\nprawo do wniesienia sprzeciwu wobec przetwarzania,<br \/>\nprawo do przenoszenia danych,<br \/>\nprawo do cofni\u0119cia zgody na przetwarzanie danych osobowych w okre\u015blonym celu, je\u017celi uprzednio wyrazi\u0142e\u015b tak\u0105 zgod\u0119,<br \/>\nprawo do wniesienia skargi do organu nadzorczego<br \/>\nPowy\u017csze uprawnienia mo\u017cesz realizowa\u0107 zgodnie z zasadami opisanymi w art. 16 \u2013 21 RODO, kontaktuj\u0105c si\u0119 ze mn\u0105 pod adresem swiatlosiejki@gmail.com<\/p>\n<p>W przedwarzaniu twoich danych osobowych bior\u0105 udzia\u0142 nast\u0119puj\u0105ce podmioty:<\/p>\n<p>Mad Ventures Patryk Kozio\u0142, Nied\u017awiedzia 29B, 02-737 Warszawa, NIP 538 175 39 91 \u2013 w celu przechowywania danych osobowych na serwerze.<br \/>\nUAB \u201eMailerLite\u201d, Paupio 28, Vilnius, Lithuania, 302942057, LT100007448516 \u2013 w celu korzystania z systemu mailingowego MailerLite, s\u0142u\u017c\u0105cego do przesy\u0142ania newslettera.<\/p>\n<p>Wszystkie podmioty, kt\u00f3rym powierzam przetwarzanie danych osobowych gwarantuj\u0105 stosowanie odpowiednich \u015brodk\u00f3w ochrony i bezpiecze\u0144stwa danych osobowych wymaganych przez przepisy prawa.<\/p>\n<p>2. Pliki cookies i inne technologie<\/p>\n<p>Administrator wykorzystuje pliki cookies (ciasteczka), czyli niewielkie informacje tekstowe, przechowywane na urz\u0105dzeniu ko\u0144cowym U\u017cytkownika (np. komputerze, tablecie, smartfonie).<\/p>\n<p>Cookies mog\u0105 by\u0107 odczytywane przez system teleinformatyczny Administratora.<\/p>\n<p>Administrator przechowuje pliki cookies na urz\u0105dzeniu ko\u0144cowym U\u017cytkownika, a nast\u0119pnie uzyskuje dost\u0119p do informacji w nich zawartych w celach statystycznych, w celach marketingowych (remarketing) oraz w celu zapewnienia prawid\u0142owego dzia\u0142ania Strony.<\/p>\n<p>Administrator informuje niniejszym U\u017cytkownika, \u017ce istnieje mo\u017cliwo\u015b\u0107 takiej konfiguracji przegl\u0105darki internetowej, kt\u00f3ra uniemo\u017cliwia przechowywanie plik\u00f3w cookies na urz\u0105dzeniu ko\u0144cowym U\u017cytkownika. W takiej sytuacji, korzystanie ze Strony przez U\u017cytkownika mo\u017ce by\u0107 utrudnione.<\/p>\n<p>Administrator wskazuje niniejszym, \u017ce pliki cookies mog\u0105 by\u0107 przez U\u017cytkownika usuni\u0119te po ich zapisaniu przez Administratora, poprzez odpowiednie funkcje przegl\u0105darki internetowej, programy s\u0142u\u017c\u0105ce w tym celu lub skorzystanie z odpowiednich narz\u0119dzi dost\u0119pnych w ramach systemu operacyjnego, z kt\u00f3rego korzysta U\u017cytkownik.<\/p>\n<p>Administrator informuje niniejszym U\u017cytkownika, \u017ce stosuje nast\u0119puj\u0105ce technologie \u015bledz\u0105ce dzia\u0142ania podejmowane przez U\u017cytkownika w ramach Strony oraz zbieraj\u0105ce pliki cookies:<\/p>\n<p>Google Analitycs \u2013 w celu analizy statystyk, oraz optymalizacji Strony (zbierane w tym zakresie informacje s\u0105 ca\u0142kowicie anonimowe i nie pozwalaj\u0105 na identyfikacj\u0119 u\u017cytkownika). W tym celu wykorzystywane s\u0105 pliki cookies firmy Google LLC dotycz\u0105ce us\u0142ugi Google Analytics.<br \/>\nGoogle Search Console &#8211; w celu analizy statystyk, oraz optymalizacji Strony (zbierane w tym zakresie informacje s\u0105 ca\u0142kowicie anonimowe i nie pozwalaj\u0105 na identyfikacj\u0119 u\u017cytkownika). W tym celu wykorzystywane s\u0105 pliki cookies firmy Google LLC dotycz\u0105ce us\u0142ugi Google Search Console.<br \/>\nMo\u017cliwo\u015b\u0107 korzystania z funkcji spo\u0142eczno\u015bciowych, takich jak udost\u0119pnianie tre\u015bci w serwisach spo\u0142eczno\u015bciowych oraz subskrypcja profilu spo\u0142eczno\u015bciowego. Korzystanie z tych funkcji wi\u0105\u017ce si\u0119 z wykorzystywaniem plik\u00f3w cookies administrator\u00f3w serwis\u00f3w spo\u0142eczno\u015bciowych takich jak Facebook, Instagram, Twitter, Google plus lub Printerest.<br \/>\nFormularz kontaktowy \u2013 kontaktuj\u0105c si\u0119 ze mn\u0105 za po\u015brednictwem poczty elektronicznej, przekazujesz adres e-mail jako adres nadawcy wiadomo\u015bci. Wiadomo\u015b\u0107 mo\u017ce tak\u017ce zawiera\u0107 inne dane osobowe. Podstaw\u0105 prawn\u0105 przetwarzania danych osobowych w tej sytuacji jest zgoda U\u017cytkownika wynikaj\u0105ca z zainicjowania kontaktu z Administratorem. Dane osobowe przekazywane Administratorowi poprzez wiadomo\u015b\u0107 e-mail przetwarzane s\u0105 wy\u0142\u0105cznie w celu kontaktu. Tre\u015b\u0107 korespondencji mo\u017ce podlega\u0107 archiwizacji. Korespondencja przechowywana jest na serwerze skrzynki pocztowej.<\/p>\n<p>3. Logi serwera<\/p>\n<p>Korzystanie ze Strony wi\u0105\u017ce si\u0119 z przesy\u0142aniem zapyta\u0144 do serwera, na kt\u00f3rym przechowywana jest Strona.<br \/>\nKa\u017cde zapytanie skierowane do serwera zapisywane jest w logach serwera. Logi obejmuj\u0105 m.in. adres IP U\u017cytkownika, dat\u0119 i czas serwera, informacje o przegl\u0105darce internetowej i systemie operacyjnym, z jakiego korzysta U\u017cytkownik.<br \/>\nLogi zapisywane i przechowywane s\u0105 na serwerze.<br \/>\nDane zapisane w logach serwera nie s\u0105 kojarzone z konkretnymi osobami korzystaj\u0105cymi ze Strony i nie s\u0105 wykorzystywane przez Administratora w celu identyfikacji U\u017cytkownika.<br \/>\nLogi serwera stanowi\u0105 wy\u0142\u0105cznie materia\u0142 pomocniczy s\u0142u\u017c\u0105cy do administrowania Stron\u0105, a ich zawarto\u015b\u0107 nie jest ujawniana nikomu poza osobami upowa\u017cnionymi do administrowania serwerem.<\/p>\n<\/div>\n<\/div>\n<\/div>\n<\/div>\n<\/div>\n","protected":false},"excerpt":{"rendered":"","protected":false},"author":1,"featured_media":0,"parent":0,"menu_order":0,"comment_status":"closed","ping_status":"closed","template":"","meta":{"_monsterinsights_skip_tracking":false,"_monsterinsights_sitenote_active":false,"_monsterinsights_sitenote_note":"","_monsterinsights_sitenote_category":0,"footnotes":""},"aioseo_notices":[],"_links":{"self":[{"href":"https:\/\/malgorzatawojtyczka.pl\/index.php\/wp-json\/wp\/v2\/pages\/6440"}],"collection":[{"href":"https:\/\/malgorzatawojtyczka.pl\/index.php\/wp-json\/wp\/v2\/pages"}],"about":[{"href":"https:\/\/malgorzatawojtyczka.pl\/index.php\/wp-json\/wp\/v2\/types\/page"}],"author":[{"embeddable":true,"href":"https:\/\/malgorzatawojtyczka.pl\/index.php\/wp-json\/wp\/v2\/users\/1"}],"replies":[{"embeddable":true,"href":"https:\/\/malgorzatawojtyczka.pl\/index.php\/wp-json\/wp\/v2\/comments?post=6440"}],"version-history":[{"count":2,"href":"https:\/\/malgorzatawojtyczka.pl\/index.php\/wp-json\/wp\/v2\/pages\/6440\/revisions"}],"predecessor-version":[{"id":6443,"href":"https:\/\/malgorzatawojtyczka.pl\/index.php\/wp-json\/wp\/v2\/pages\/6440\/revisions\/6443"}],"wp:attachment":[{"href":"https:\/\/malgorzatawojtyczka.pl\/index.php\/wp-json\/wp\/v2\/media?parent=6440"}],"curies":[{"name":"wp","href":"https:\/\/api.w.org\/{rel}","templated":true}]}}