{"id":6654,"date":"2023-03-30T15:43:29","date_gmt":"2023-03-30T13:43:29","guid":{"rendered":"https:\/\/malgorzatawojtyczka.pl\/?page_id=6654"},"modified":"2026-01-08T10:52:35","modified_gmt":"2026-01-08T09:52:35","slug":"pudelko-personalizacja","status":"publish","type":"page","link":"https:\/\/malgorzatawojtyczka.pl\/index.php\/pudelko-personalizacja\/","title":{"rendered":"pude\u0142ko &#8211; personalizacja"},"content":{"rendered":"<div  class=\"one withsmallpadding ppb_header withbg \" style=\"background-image:url(https:\/\/malgorzatawojtyczka.pl\/wp-content\/uploads\/2023\/03\/DSC_4447b.jpg);background-position: center center;text-align:center;padding:50px 0 50px 0;color:#ffffff;\" >\n<div class=\"standard_wrapper\">\n<div class=\"page_content_wrapper\">\n<div class=\"inner\">\n<div style=\"width:100%;margin:auto;\">\n<h2 class=\"ppb_title\" style=\"color:#ffffff;\">Pude\u0142ko na zdj\u0119cia<\/h2>\n<hr class=\"title_break center\" style=\"border-color:#ffffff;\"\/>\n<div class=\"ppb_header_content\">\n<p style=\"text-align: center;\">Opcje personalizacji<\/p>\n<p style=\"text-align: center;\">.<\/p>\n<\/div>\n<\/div>\n<\/div>\n<\/div>\n<\/div>\n<\/div>\n<div  class=\"one withsmallpadding ppb_text\" style=\"padding:30px 0 30px 0;\" >\n<div class=\"standard_wrapper\">\n<div class=\"page_content_wrapper\">\n<div class=\"inner\">\n<div style=\"margin:auto;width:100%\">\n<h3 style=\"text-align: center;\">1. Wybierz format pude\u0142ka<\/h3>\n<p style=\"text-align: center;\">(nie wp\u0142ywa na cen\u0119)<\/p>\n<p style=\"text-align: center;\">\n<\/div>\n<\/div>\n<\/div>\n<\/div>\n<\/div>\n<div class=\"standard_wrapper\">\n<div  class=\"one_third withsmallpadding ppb_text\" style=\"padding:30px 0 30px 0;\" >\n<div class=\"standard_wrapper\">\n<div class=\"page_content_wrapper\">\n<div class=\"inner\">\n<div style=\"margin:auto;width:100%\">\n<p style=\"text-align: right;\">10&#215;15 cm<\/p>\n<p style=\"text-align: right;\">\n<\/div>\n<\/div>\n<\/div>\n<\/div>\n<\/div>\n<\/div>\n<div class=\"standard_wrapper\">\n<div  class=\"one_fourth withsmallpadding ppb_text\" style=\"padding:30px 0 30px 0;\" >\n<div class=\"standard_wrapper\">\n<div class=\"page_content_wrapper\">\n<div class=\"inner\">\n<div style=\"margin:auto;width:100%\">\n<p style=\"text-align: center;\">13&#215;19 cm<\/p>\n<p style=\"text-align: center;\">\n<\/div>\n<\/div>\n<\/div>\n<\/div>\n<\/div>\n<\/div>\n<div class=\"standard_wrapper\">\n<div  class=\"one_third withsmallpadding ppb_text\" style=\"padding:30px 0 30px 0;\" >\n<div class=\"standard_wrapper\">\n<div class=\"page_content_wrapper\">\n<div class=\"inner\">\n<div style=\"margin:auto;width:100%\">\n<p style=\"text-align: left;\">15&#215;23 cm<\/p>\n<p>\u00a0<\/p>\n<\/div>\n<\/div>\n<\/div>\n<\/div>\n<\/div>\n<\/div>\n<div  class=\"one withsmallpadding ppb_text\" style=\"padding:30px 0 30px 0;\" >\n<div class=\"standard_wrapper\">\n<div class=\"page_content_wrapper\">\n<div class=\"inner\">\n<div style=\"margin:auto;width:100%\">\n<hr \/>\n<p>\u00a0<\/p>\n<\/div>\n<\/div>\n<\/div>\n<\/div>\n<\/div>\n<div  class=\"one withsmallpadding ppb_text\" style=\"padding:30px 0 30px 0;\" >\n<div class=\"standard_wrapper\">\n<div class=\"page_content_wrapper\">\n<div class=\"inner\">\n<div style=\"margin:auto;width:100%\">\n<h3 style=\"text-align: center;\">2. Wybierz g\u0142\u0119boko\u015b\u0107 pude\u0142ka<\/h3>\n<p style=\"text-align: center;\">(nie wp\u0142ywa na cen\u0119)<\/p>\n<\/div>\n<\/div>\n<\/div>\n<\/div>\n<\/div>\n<div class=\"standard_wrapper\">\n<div  class=\"one_third withsmallpadding ppb_text\" style=\"padding:30px 0 30px 0;\" >\n<div class=\"standard_wrapper\">\n<div class=\"page_content_wrapper\">\n<div class=\"inner\">\n<div style=\"margin:auto;width:100%\">\n<p style=\"text-align: right;\">15 mm<\/p>\n<p style=\"text-align: right;\">DeepMatt &#8211; 50 zdj\u0119\u0107<\/p>\n<p style=\"text-align: right;\">Fuji DPII &#8211; 55 zdj\u0119\u0107<\/p>\n<\/div>\n<\/div>\n<\/div>\n<\/div>\n<\/div>\n<\/div>\n<div class=\"standard_wrapper\">\n<div  class=\"one_fourth withsmallpadding ppb_text\" style=\"padding:30px 0 30px 0;\" >\n<div class=\"standard_wrapper\">\n<div class=\"page_content_wrapper\">\n<div class=\"inner\">\n<div style=\"margin:auto;width:100%\">\n<p style=\"text-align: center;\">28 mm<\/p>\n<p style=\"text-align: center;\">DeepMatt &#8211; 90 zdj\u0119\u0107<\/p>\n<p style=\"text-align: center;\">Fuji DPII &#8211; 105 zdj\u0119\u0107<\/p>\n<\/div>\n<\/div>\n<\/div>\n<\/div>\n<\/div>\n<\/div>\n<div class=\"standard_wrapper\">\n<div  class=\"one_third withsmallpadding ppb_text\" style=\"padding:30px 0 30px 0;\" >\n<div class=\"standard_wrapper\">\n<div class=\"page_content_wrapper\">\n<div class=\"inner\">\n<div style=\"margin:auto;width:100%\">\n<p>42 mm<\/p>\n<p>DeepMatt &#8211; 135 zdj\u0119\u0107<\/p>\n<p>Fuji DPII &#8211; 155 zdj\u0119\u0107<\/p>\n<\/div>\n<\/div>\n<\/div>\n<\/div>\n<\/div>\n<\/div>\n<div  class=\"one withsmallpadding ppb_text\" style=\"padding:30px 0 30px 0;\" >\n<div class=\"standard_wrapper\">\n<div class=\"page_content_wrapper\">\n<div class=\"inner\">\n<div style=\"margin:auto;width:100%\">\n<hr \/>\n<p>\u00a0<\/p>\n<\/div>\n<\/div>\n<\/div>\n<\/div>\n<\/div>\n<div  class=\"one withsmallpadding ppb_text\" style=\"padding:30px 0 30px 0;\" >\n<div class=\"standard_wrapper\">\n<div class=\"page_content_wrapper\">\n<div class=\"inner\">\n<div style=\"margin:auto;width:100%\">\n<h3 style=\"text-align: center;\">3. Wybierz oklein\u0119 i kolor dekielka (spodnia cz\u0119\u015b\u0107 wieczka pude\u0142ka)<\/h3>\n<p>\u00a0<\/p>\n<\/div>\n<\/div>\n<\/div>\n<\/div>\n<\/div>\n<div class=\"standard_wrapper\">\n<div  class=\"one\" style=\"padding:30px 0 30px 0;\" >\n<div class=\"page_content_wrapper\">\n<div class=\"inner\">\n<div class=\"image_classic_frame expand\">\n<div class=\"image_wrapper\"><img decoding=\"async\" src=\"https:\/\/malgorzatawojtyczka.pl\/wp-content\/uploads\/2023\/11\/pudelko_na_zdjecia_okleiny-2.jpg\" alt=\"\" class=\"preview\"\/><\/div>\n<\/div>\n<\/div>\n<\/div>\n<\/div>\n<\/div>\n<div  class=\"one withsmallpadding ppb_text\" style=\"padding:30px 0 30px 0;\" >\n<div class=\"standard_wrapper\">\n<div class=\"page_content_wrapper\">\n<div class=\"inner\">\n<div style=\"margin:auto;width:100%\">\n<hr \/>\n<p>\u00a0<\/p>\n<\/div>\n<\/div>\n<\/div>\n<\/div>\n<\/div>\n<div  class=\"one withsmallpadding ppb_text\" style=\"padding:30px 0 30px 0;\" >\n<div class=\"standard_wrapper\">\n<div class=\"page_content_wrapper\">\n<div class=\"inner\">\n<div style=\"margin:auto;width:100%\">\n<h3 style=\"text-align: center;\">4. Wybierz grawer \/nadruk ze wzornika lub zam\u00f3w co\u015b tylko Twojego (+ 50 z\u0142)<\/h3>\n<p style=\"text-align: center;\">P\u0142\u00f3tno &#8211; nadruk lub grawer ( na jasnych p\u0142\u00f3tnach mo\u017cliwy jest wy\u0142\u0105cznie nadruk, na czarnym wy\u0142\u0105cznie grawer)<\/p>\n<p style=\"text-align: center;\">Welur &#8211; wy\u0142\u0105cznie grawer<\/p>\n<p style=\"text-align: center;\"><a class=\"button\" href=\"https:\/\/malgorzatawojtyczka.pl\/index.php\/grawery-wzornik\/\">Szablony<\/a><\/p>\n<\/div>\n<\/div>\n<\/div>\n<\/div>\n<\/div>\n<div  class=\"one withsmallpadding ppb_text\" style=\"padding:30px 0 30px 0;\" >\n<div class=\"standard_wrapper\">\n<div class=\"page_content_wrapper\">\n<div class=\"inner\">\n<div style=\"margin:auto;width:100%\">\n<hr \/>\n<p>\u00a0<\/p>\n<\/div>\n<\/div>\n<\/div>\n<\/div>\n<\/div>\n<div  class=\"one withsmallpadding ppb_text\" style=\"padding:30px 0 30px 0;\" >\n<div class=\"standard_wrapper\">\n<div class=\"page_content_wrapper\">\n<div class=\"inner\">\n<div style=\"margin:auto;width:100%\">\n<h3 style=\"text-align: center;\">5. Napisz do mnie wiadomo\u015b\u0107 e-mail<\/h3>\n<p style=\"text-align: center;\">W mailu podaj: rozmiar, g\u0142\u0119boko\u015b\u0107, rodzaj tkaniny (p\u0142\u00f3tno lub welur),\u00a0 numer koloru oraz numer graweru .<\/p>\n<p style=\"text-align: center;\"><strong>kontakt@malgorzatawojtyczka.pl<\/strong><\/p>\n<\/div>\n<\/div>\n<\/div>\n<\/div>\n<\/div>\n","protected":false},"excerpt":{"rendered":"","protected":false},"author":1,"featured_media":0,"parent":0,"menu_order":0,"comment_status":"closed","ping_status":"closed","template":"","meta":{"_monsterinsights_skip_tracking":false,"_monsterinsights_sitenote_active":false,"_monsterinsights_sitenote_note":"","_monsterinsights_sitenote_category":0,"footnotes":""},"aioseo_notices":[],"_links":{"self":[{"href":"https:\/\/malgorzatawojtyczka.pl\/index.php\/wp-json\/wp\/v2\/pages\/6654"}],"collection":[{"href":"https:\/\/malgorzatawojtyczka.pl\/index.php\/wp-json\/wp\/v2\/pages"}],"about":[{"href":"https:\/\/malgorzatawojtyczka.pl\/index.php\/wp-json\/wp\/v2\/types\/page"}],"author":[{"embeddable":true,"href":"https:\/\/malgorzatawojtyczka.pl\/index.php\/wp-json\/wp\/v2\/users\/1"}],"replies":[{"embeddable":true,"href":"https:\/\/malgorzatawojtyczka.pl\/index.php\/wp-json\/wp\/v2\/comments?post=6654"}],"version-history":[{"count":18,"href":"https:\/\/malgorzatawojtyczka.pl\/index.php\/wp-json\/wp\/v2\/pages\/6654\/revisions"}],"predecessor-version":[{"id":7682,"href":"https:\/\/malgorzatawojtyczka.pl\/index.php\/wp-json\/wp\/v2\/pages\/6654\/revisions\/7682"}],"wp:attachment":[{"href":"https:\/\/malgorzatawojtyczka.pl\/index.php\/wp-json\/wp\/v2\/media?parent=6654"}],"curies":[{"name":"wp","href":"https:\/\/api.w.org\/{rel}","templated":true}]}}