{"id":7507,"date":"2025-07-25T16:26:42","date_gmt":"2025-07-25T14:26:42","guid":{"rendered":"https:\/\/malgorzatawojtyczka.pl\/?page_id=7507"},"modified":"2025-12-01T17:34:26","modified_gmt":"2025-12-01T16:34:26","slug":"konsultacja-behawioralna","status":"publish","type":"page","link":"https:\/\/malgorzatawojtyczka.pl\/index.php\/konsultacja-behawioralna\/","title":{"rendered":"Konsultacja behawioralna"},"content":{"rendered":"<div  class=\"one withsmallpadding ppb_content_half_bg withbg \" style=\"background-image:url(https:\/\/malgorzatawojtyczka.pl\/wp-content\/uploads\/2025\/07\/IMGP9598a-maly.jpg);background-position: center center;padding:30px 0 30px 0;\" >\n<div class=\"standard_wrapper\">\n<div class=\"page_content_wrapper\">\n<div class=\"inner\">\n<div class=\"one_half_bg\" style=\"background:#ffffff;background:rgb(255,255,255,0.9);background:rgba(255,255,255,0.9);\">\n<h2 class=\"ppb_title\" style=\"\">Konsultacja behawioralna<\/h2>\n<hr class=\"title_break left\" style=\"\"\/>\n<p style=\"text-align: left;\">Na czym to polega i czego mo\u017cesz si\u0119 spodziewa\u0107?<\/p>\n<\/div>\n<\/div>\n<\/div>\n<\/div>\n<\/div>\n<div class=\"divider one\">&nbsp;<\/div>\n<div  class=\"one withsmallpadding ppb_text\" style=\"padding:30px 0 30px 0;\" >\n<div class=\"standard_wrapper\">\n<div class=\"page_content_wrapper\">\n<div class=\"inner\">\n<div style=\"margin:auto;width:80%\">\n<p>Statystycznie wi\u0119kszo\u015b\u0107 problem\u00f3w behawioralnych ma <strong>pod\u0142o\u017ce medyczne<\/strong>, dlatego prawdopodobnie poprosz\u0119 Ci\u0119 o wykonanie pewnych bada\u0144 przed konsultacj\u0105 (lub przedstawienie dokumentacji medycznej, je\u017celi takow\u0105 posiadasz). Dopiero uwzgl\u0119dnienie lub wykluczenie pod\u0142o\u017ca zdrowotnego umo\u017cliwia prawid\u0142ow\u0105 diagnoz\u0119 behawioraln\u0105, a tym samym opracowanie skutecznego planu terapeutycznego.<\/p>\n<p>Pomocne b\u0119dzie r\u00f3wnie\u017c <strong>nagranie filmik\u00f3w<\/strong> pokazuj\u0105cych zachowanie Twojego kota.<\/p>\n<p>\u00a0<\/p>\n<\/div>\n<\/div>\n<\/div>\n<\/div>\n<\/div>\n<div class=\"standard_wrapper\">\n<div  class=\"one_half withsmallpadding ppb_text\" style=\"padding:30px 0 30px 0;\" >\n<div class=\"standard_wrapper\">\n<div class=\"page_content_wrapper\">\n<div class=\"inner\">\n<div style=\"margin:auto;width:90%\">\n<h3 style=\"text-align: center;\">Konsultacja behawioralna<\/h3>\n<h3 style=\"text-align: center;\">+ 4 tyg. wsparcie mailowe<\/h3>\n<p style=\"text-align: justify;\"><strong>Pierwsza konsultacja behawioralna<\/strong> (1,5 \u2013 2 h) to czas na zebranie dok\u0142adnego wywiadu dotycz\u0105cego problemu, jak r\u00f3wnie\u017c dotychczasowej historii Twojego kota, poznanie kociego pacjenta w jego codziennym otoczeniu, Twoje pytania i ustalenie przebiegu pracy ze zwierzakiem.<\/p>\n<p style=\"text-align: justify;\">Po konsultacji otrzymasz ode mnie w mailu (do 3 dni roboczych) <strong>indywidulany plan pracy z kotem.<\/strong> Odpowiedzialno\u015b\u0107 za wprowadzenie i przestrzeganie planu spoczywa na Tobie. Dodatkowo, je\u017celi wyrazisz tak\u0105 potrzeb\u0119, mo\u017cemy si\u0119 um\u00f3wi\u0107 na kr\u00f3tk\u0105 rozmow\u0119 online lub telefon, aby om\u00f3wi\u0107 szczeg\u00f3\u0142y zalece\u0144 terapeutycznych i odpowiedzie\u0107 na ewentualne pytania, kt\u00f3re mog\u0105 si\u0119 pojawi\u0107.<\/p>\n<p style=\"text-align: justify;\">Czas, kt\u00f3ry jest potrzebny do uzyskania poprawy jest bardzo indywidulany i zale\u017cy m.in. od tego jak z\u0142o\u017cony jest problem oraz jak d\u0142ugo ju\u017c trwa. Zazwyczaj jednak w przeci\u0105gu 4 &#8211; 6 tygodni od wprowadzenia zalece\u0144 mo\u017cna okre\u015bli\u0107, czy terapia idzie w dobrym kierunku. W tym czasie mamy ze sob\u0105 <strong>kontakt mailowy<\/strong>. Po 4 tygodniach okre\u015blamy efekty dotychczasowych dzia\u0142a\u0144 i ustalamy, czy jest potrzeba kolejnej konsultacji i modyfikacji w planie terapeutycznym.<\/p>\n<\/div>\n<\/div>\n<\/div>\n<\/div>\n<\/div>\n<\/div>\n<div class=\"standard_wrapper\">\n<div  class=\"one_half last withsmallpadding ppb_text\" style=\"padding:30px 0 30px 0;\" >\n<div class=\"standard_wrapper\">\n<div class=\"page_content_wrapper\">\n<div class=\"inner\">\n<div style=\"margin:auto;width:90%\">\n<h3>Konsultacja behawioralna<\/h3>\n<h3>+ pakiet 4 spotka\u0144 online<\/h3>\n<p style=\"text-align: justify;\">Je\u017celi problem jest z\u0142o\u017cony i utrzymuj\u0105cy si\u0119 ju\u017c d\u0142u\u017cszy czas lub po prostu czujesz, \u017ce b\u0119dzie Ci potrzebne wi\u0119ksze wsparcie, to by\u0107 mo\u017ce zainteresuje Ci\u0119 <strong>pakiet <\/strong>\u2018<strong>Konsultacja + 4 dodatkowe spotkania online\u2019<\/strong>.<\/p>\n<p style=\"text-align: justify;\">Ka\u017cdy cz\u0142owiek jedyn\u0105 i niepowtarzaln\u0105 jednostk\u0105, dla kt\u00f3rego nie istnieje jedno, uniwersalne rozwi\u0105zanie na wszelki rodzaj problem\u00f3w. To co zadzia\u0142a u jednej osoby, niekoniecznie sprawdzi si\u0119 u drugiej. To samo tyczy si\u0119 zwierz\u0105t. Zmiany nie dziej\u0105 si\u0119 te\u017c od pstrykni\u0119cia palcami. Do wszystkiego potrzeba czasu i cierpliwo\u015bci.<\/p>\n<p style=\"text-align: justify;\">Dodatkowy pakiet spotka\u0144 przyda si\u0119 tam, gdzie praca nad trudno\u015bci\u0105 wymaga wi\u0119kszego zaanga\u017cowania i zasob\u00f3w (tu mam na my\u015bli Tw\u00f3j czas, energi\u0119 i empati\u0119 w pracy terapeutycznej z kotem) Te spotkania s\u0105 zar\u00f3wno dla Twojego kota \u2013 by spokojnie i wnikliwie przyjrze\u0107 si\u0119 przebiegowi terapii oraz na bie\u017c\u0105co dostosowywa\u0107 j\u0105 kociego pacjenta, jak i dla Ciebie \u2013 jako dodatkowe wsparcie i motywacja w pokonywaniu wyzwa\u0144, kt\u00f3re mog\u0105 pojawi\u0107 si\u0119 na tej drodze. Spotkanie trwa ok. 40 minut, a ich terminy ustalamy indywidulanie od Waszych potrzeb<\/p>\n<\/div>\n<\/div>\n<\/div>\n<\/div>\n<\/div>\n<\/div>\n<div  class=\"one withsmallpadding ppb_text\" style=\"padding:30px 0 30px 0;\" >\n<div class=\"standard_wrapper\">\n<div class=\"page_content_wrapper\">\n<div class=\"inner\">\n<div style=\"margin:auto;width:90%\">\n<hr \/>\n<p>\u00a0<\/p>\n<\/div>\n<\/div>\n<\/div>\n<\/div>\n<\/div>\n<div  class=\"one withsmallpadding ppb_header \" style=\"text-align:center;padding:30px 0 30px 0;\" >\n<div class=\"standard_wrapper\">\n<div class=\"page_content_wrapper\">\n<div class=\"inner\">\n<div style=\"margin:auto;width:100%\">\n<h2 class=\"ppb_title\" style=\"\">Cennik<\/h2>\n<\/div>\n<\/div>\n<\/div>\n<\/div>\n<\/div>\n<div class=\"standard_wrapper\">\n<div  class=\"two_third withsmallpadding ppb_text\" style=\"padding:30px 0 30px 0;\" >\n<div class=\"standard_wrapper\">\n<div class=\"page_content_wrapper\">\n<div class=\"inner\">\n<div style=\"margin:auto;width:90%\">\n<p style=\"text-align: justify;\"><strong>Pierwsza konsultacja stacjonarnie<\/strong> (1,5 \u2013 2 h) + <strong>4 tyg. okres wsparcia<\/strong> (mailowo) \u2013 <strong>300 z\u0142<\/strong><\/p>\n<p style=\"text-align: justify;\"><strong>Pierwsza konsultacja stacjonarnie<\/strong> (1,5 \u2013 2 h) + <strong>pakiet 4 spotka\u0144 online<\/strong> (40 min.)* \u2013 <strong>500 z\u0142<\/strong><\/p>\n<p style=\"text-align: justify;\">*Mo\u017ce to by\u0107 jedno spotkanie w tygodniu lub jedno w miesi\u0105cu \u2013 rozmawiamy o post\u0119pach, wyzwaniach, szukamy najlepszych rozwi\u0105za\u0144 dla Ciebie i Twojego kota, korygujemy kierunek terapii, je\u017celi zachodzi taka potrzeba. Terminy ustalamy indywidualnie, w zale\u017cno\u015bci od problemu nad kt\u00f3rym pracujemy i czasu, kt\u00f3rego potrzebujecie by zadzia\u0142a si\u0119 zmiana. Wszelkie nowe zalecenia, je\u017celi takowe si\u0119 pojawi\u0105, otrzymujesz r\u00f3wnie\u017c drog\u0105 mailow\u0105, dzie\u0144 po spotkaniu.<\/p>\n<p style=\"text-align: justify;\">Pakiet jest wa\u017cny przez okres 4 miesi\u0119cy od pierwszej konsultacji.<\/p>\n<\/div>\n<\/div>\n<\/div>\n<\/div>\n<\/div>\n<\/div>\n<div class=\"standard_wrapper\">\n<div  class=\"one_third last withsmallpadding ppb_text\" style=\"padding:30px 0 30px 0;\" >\n<div class=\"standard_wrapper\">\n<div class=\"page_content_wrapper\">\n<div class=\"inner\">\n<div style=\"margin:auto;width:90%\">\n<p><strong>Kontynuacja terapii:<\/strong><\/p>\n<p>1 spotkanie stacjonarnie (1 h) \u2013 <strong>240 z\u0142<\/strong><\/p>\n<p>1 spotkanie online (1 h) \u2013 <strong>180 z\u0142<\/strong><\/p>\n<p>Pakiet 4 spotka\u0144 online (40 min.)* \u2013 <strong>400 z\u0142<\/strong> \/ pakiet jest wa\u017cny przez okres 4 miesi\u0119cy od pierwszego spotkania w ramach pakietu.<\/p>\n<p>\u00a0<\/p>\n<\/div>\n<\/div>\n<\/div>\n<\/div>\n<\/div>\n<\/div>\n<div class=\"divider one\">&nbsp;<\/div>\n<div class=\"standard_wrapper\">\n<div  class=\"one_fourth\" style=\"padding:30px 0 30px 0;\" >\n<div class=\"page_content_wrapper\">\n<div class=\"inner\">\n<div class=\"image_classic_frame expand\">\n<div class=\"image_wrapper\"><img decoding=\"async\" src=\"https:\/\/malgorzatawojtyczka.pl\/wp-content\/uploads\/2022\/12\/sesja-ciazowa-z-kotem.jpg\" alt=\"sesja ci\u0105\u017cowa z kotem\" class=\"preview\"\/><\/div>\n<\/div>\n<\/div>\n<\/div>\n<\/div>\n<\/div>\n<div class=\"standard_wrapper\">\n<div  class=\"two_third last withsmallpadding ppb_text\" style=\"padding:30px 0 30px 0;\" >\n<div class=\"standard_wrapper\">\n<div class=\"page_content_wrapper\">\n<div class=\"inner\">\n<div style=\"margin:auto;width:100%\">\n<p><strong>Konsultacja online<\/strong> &#8211; <strong>profilaktyka dobrostanu psychicznego*<\/strong> (1 h) \u2013 <strong>160 z\u0142<\/strong><\/p>\n<p>np. pierwszy kot, komunikacja, jak si\u0119 przygotowa\u0107 przed narodzinami dziecka, prawid\u0142owa zabawa, kocia przestrze\u0144 w domu lub inny koci temat o chcia\u0142(a)by\u015b zapyta\u0107.<\/p>\n<p>*konsultacja online z zakresu profilaktyki nie dotyczy przypadk\u00f3w behawioralnych z istniej\u0105cymi problemami, ale porady z zakresu opieki nad kotem \u201ezdrowym\u201d.<\/p>\n<\/div>\n<\/div>\n<\/div>\n<\/div>\n<\/div>\n<\/div>\n<div class=\"divider one\">&nbsp;<\/div>\n<div  class=\"one withsmallpadding ppb_text\" style=\"padding:30px 0 30px 0;\" >\n<div class=\"standard_wrapper\">\n<div class=\"page_content_wrapper\">\n<div class=\"inner\">\n<div style=\"margin:auto;width:90%\">\n<hr \/>\n<p>\u00a0<\/p>\n<\/div>\n<\/div>\n<\/div>\n<\/div>\n<\/div>\n<div  class=\"one withsmallpadding ppb_text\" style=\"padding:30px 0 30px 0;\" >\n<div class=\"standard_wrapper\">\n<div class=\"page_content_wrapper\">\n<div class=\"inner\">\n<div style=\"margin:auto;width:80%\">\n<h2 style=\"text-align: center;\">Jak zarezerwowa\u0107 wizyt\u0119?<\/h2>\n<p>\u00a0<\/p>\n<p>Napisz do mnie maila, z kr\u00f3tkim opisem powodu konsultacji. Je\u017celi masz aktualne badania medyczne, r\u00f3wnie\u017c je prze\u015blij. \u00a0Otrzymasz ode mnie ankiet\u0119 z kilkoma pytaniami dotycz\u0105cymi twojego kota. Po jej wype\u0142nieniu razem ustalimy dogodny termin konsultacji.<\/p>\n<\/div>\n<\/div>\n<\/div>\n<\/div>\n<\/div>\n<div  class=\"one withsmallpadding ppb_text\" style=\"padding:30px 0 30px 0;\" >\n<div class=\"standard_wrapper\">\n<div class=\"page_content_wrapper\">\n<div class=\"inner\">\n<div style=\"margin:auto;width:80%\"><\/div>\n<\/div>\n<\/div>\n<\/div>\n<\/div>\n<div class=\"divider one\">&nbsp;<\/div>\n<div class=\"standard_wrapper\">\n<div  class=\"one\" style=\"padding:30px 0 30px 0;\" >\n<div class=\"page_content_wrapper\">\n<div class=\"inner\">\n<div class=\"one_third\">\n<div class=\"image_classic_frame expand\">\n<div class=\"image_wrapper\"><img decoding=\"async\" src=\"https:\/\/malgorzatawojtyczka.pl\/wp-content\/uploads\/2023\/03\/DSC_4353-kopia-scaled.jpg\" alt=\"\" class=\"preview\"\/><\/div>\n<\/div>\n<\/div>\n<div class=\"one_third\">\n<div class=\"image_classic_frame expand\">\n<div class=\"image_wrapper\"><img decoding=\"async\" src=\"https:\/\/malgorzatawojtyczka.pl\/wp-content\/uploads\/2025\/07\/DSC_1532abd.jpg\" alt=\"Sesja kocia\" class=\"preview\"\/><\/div>\n<\/div>\n<\/div>\n<div class=\"one_third last\">\n<div class=\"image_classic_frame expand\">\n<div class=\"image_wrapper\"><img decoding=\"async\" src=\"https:\/\/malgorzatawojtyczka.pl\/wp-content\/uploads\/2025\/05\/IMGP8602-scaled.jpg\" alt=\"\" class=\"preview\"\/><\/div>\n<\/div>\n<\/div>\n<\/div>\n<\/div>\n<\/div>\n<\/div>\n","protected":false},"excerpt":{"rendered":"","protected":false},"author":1,"featured_media":0,"parent":0,"menu_order":0,"comment_status":"closed","ping_status":"closed","template":"","meta":{"_monsterinsights_skip_tracking":false,"_monsterinsights_sitenote_active":false,"_monsterinsights_sitenote_note":"","_monsterinsights_sitenote_category":0,"footnotes":""},"aioseo_notices":[],"_links":{"self":[{"href":"https:\/\/malgorzatawojtyczka.pl\/index.php\/wp-json\/wp\/v2\/pages\/7507"}],"collection":[{"href":"https:\/\/malgorzatawojtyczka.pl\/index.php\/wp-json\/wp\/v2\/pages"}],"about":[{"href":"https:\/\/malgorzatawojtyczka.pl\/index.php\/wp-json\/wp\/v2\/types\/page"}],"author":[{"embeddable":true,"href":"https:\/\/malgorzatawojtyczka.pl\/index.php\/wp-json\/wp\/v2\/users\/1"}],"replies":[{"embeddable":true,"href":"https:\/\/malgorzatawojtyczka.pl\/index.php\/wp-json\/wp\/v2\/comments?post=7507"}],"version-history":[{"count":4,"href":"https:\/\/malgorzatawojtyczka.pl\/index.php\/wp-json\/wp\/v2\/pages\/7507\/revisions"}],"predecessor-version":[{"id":7639,"href":"https:\/\/malgorzatawojtyczka.pl\/index.php\/wp-json\/wp\/v2\/pages\/7507\/revisions\/7639"}],"wp:attachment":[{"href":"https:\/\/malgorzatawojtyczka.pl\/index.php\/wp-json\/wp\/v2\/media?parent=7507"}],"curies":[{"name":"wp","href":"https:\/\/api.w.org\/{rel}","templated":true}]}}